{"id":9891,"date":"2018-05-25T12:25:08","date_gmt":"2018-05-25T12:25:08","guid":{"rendered":"https:\/\/www.sensacionrural.es\/blog\/?page_id=9891"},"modified":"2018-05-25T12:25:25","modified_gmt":"2018-05-25T12:25:25","slug":"politica-de-privacidad","status":"publish","type":"page","link":"https:\/\/www.sensacionrural.es\/blog\/politica-de-privacidad\/","title":{"rendered":"Politica de privacidad"},"content":{"rendered":"<h1><b>RESPONSABLE DEL FICHERO:<\/b><\/h1>\n<div class=\"about-description text-justify\">\n<p>De conformidad con lo dispuesto en la Ley Org\u00e1nica 15\/99, de 13 de diciembre, de Protecci\u00f3n de Datos de Car\u00e1cter Personal, SENSACION RURAL S.L., informa al interesado de que cuantos datos personales facilitare en cualquier momento y de forma voluntaria a SENSACION RURAL S.L., ser\u00e1n incluidos en los ficheros de datos de car\u00e1cter personal titularidad de SENSACION RURAL S.L., (domicilio sito en Zaragoza, Plaza Mariano Arregui, Local n\u00ba 2 ) con la finalidad de actualizar nuestras bases de datos, as\u00ed como de su utilizaci\u00f3n con fines comerciales, de informaci\u00f3n, y\/o publicitarios de nuestros productos y servicios. Si en un plazo de 30 d\u00edas naturales no recibimos comunicaci\u00f3n en contrario, entenderemos que ha prestado su consentimiento para el tratamiento de dichos datos.<\/p>\n<p>A este respecto, el interesado asume y consiente que terceras personas (inclusive la SENSACION RURAL S.L., actuando por s\u00ed misma o a trav\u00e9s de terceros) puedan obtener los referidos datos personales una vez estos sean publicados en los soportes publicitarios SENSACION RURAL S.L., todo ello a los efectos y con los fines previstos en el Art\u00edculo 30.1 de la antedicha Ley.<\/p>\n<p>Los interesados podr\u00e1n ejercer sus derechos de acceso, rectificaci\u00f3n y cancelaci\u00f3n respecto al tratamiento de sus datos, solicitar que los mismos se excluyan de los ficheros propiedad SENSACION RURAL S.L., que no puedan utilizarse para fines de venta directa, as\u00ed como que se omita, total o parcialmente, su direcci\u00f3n u otros datos personales, mediante comunicaci\u00f3n escrita dirigida al Servicio de Atenci\u00f3n al Cliente de SENSACION RURAL S.L., en la direcci\u00f3n de correo electr\u00f3nico\u00a0<a href=\"mailto:info@sensacionrural.es\">info@sensacionrural.es<\/a>\u00a0adjuntando fotocopia de su DNI u otro documento equivalente acreditativo de su identidad.<\/p>\n<h3><b>RECOGIDA DE DATOS:<\/b><\/h3>\n<p>SENSACION RURAL S.L., \u00fanicamente recoge los datos de car\u00e1cter personal que nos proporcione a trav\u00e9s de los formularios incluidos en la p\u00e1gina web, nuestras direcciones de correo electr\u00f3nico y a trav\u00e9s de contacto telef\u00f3nico.<\/p>\n<h3><b>FINALIDAD DE LOS DATOS RECOGIDOS:<\/b><\/h3>\n<p>En\u00a0<a href=\"https:\/\/www.sensacionrural.es\/\">www.sensacionrural.es<\/a>\u00a0se recogen los datos de car\u00e1cter personal con las finalidades que se detallan a continuaci\u00f3n:<\/p>\n<ul>\n<ul>\n<li>Registro y gesti\u00f3n de Usuarios: la informaci\u00f3n que nos proporcione en el formulario de contacto recogido en la web, se utilizar\u00e1 para la gesti\u00f3n de los Usuarios de la p\u00e1gina web.SENSACION RURAL S.L., no admitir\u00e1 intentos de registros falsos o que suplanten la identidad de personas o empresas.<\/li>\n<\/ul>\n<\/ul>\n<ul>\n<li>Fines publicitarios y\/o comerciales: la informaci\u00f3n que se recoge podr\u00e1 ser utilizada para enviarle ofertas, publicidad y anuncios de la p\u00e1gina web.<\/li>\n<\/ul>\n<p>Si no est\u00e1 conforme con alguna de las finalidades arriba mencionadas, puede ponerse en contacto con nosotros mediante la direcci\u00f3n de email\u00a0<a href=\"mailto:info@sensacionrural.es\">info@sensacionrural.es<\/a>\u00a0, identific\u00e1ndose y cont\u00e1ndonos su incidencia o problema.<\/p>\n<h3><b>COMUNICACI\u00d3N DE DATOS A TERCEROS:<\/b><\/h3>\n<p>SENSACION RURAL S.L., comunicar\u00e1, en su caso, los datos de car\u00e1cter personal a aquellos colaboradores, tales como distribuidores y agentes, cuya intervenci\u00f3n sea necesaria para la prestaci\u00f3n de los servicios que gestiona. Los citados datos tambi\u00e9n podr\u00e1n ser incluidos en los diferentes directorios web que gestione SENSACION RURAL S.L. Cualquier otro uso de los datos personales distinto a los mencionados anteriormente, requerir\u00e1 del previo y expreso consentimiento del interesado.<\/p>\n<h3><b>SEGURIDAD:<\/b><\/h3>\n<p>SENSACION RURAL S.L., utiliza tecnolog\u00edas adecuadas al estado de la t\u00e9cnica actual, para proteger sus datos e informaciones personales, as\u00ed nuestra p\u00e1gina web se almacena en servidores seguros protegidos contra los tipos de ataques m\u00e1s habituales. No obstante, debemos recordarle que no existe tecnolog\u00eda invulnerable y que por tanto debe poner los medios que est\u00e9n a su alcance para mantener el nivel de seguridad de sus datos.<\/p>\n<h3><b>NIVEL DE SEGURIDAD:<\/b><\/h3>\n<p>Conforme a las indicaciones facilitadas por SENSACION RURAL S.L., sobre el nivel de seguridad aplicable a los ficheros con datos de car\u00e1cter personal objeto de esta contrataci\u00f3n SENSACION RURAL S.L., manifiesta que aplicar\u00e1 las medidas de nivel de seguridad b\u00e1sico descritas en el Real Decreto 1720\/2007.<\/p>\n<p><u>\u00c1mbito de Aplicaci\u00f3n de las Medidas T\u00e9cnicas y Organizativas de Seguridad:<\/u>\u00a0SENSACION RURAL S.L., manifiesta que aplicar\u00e1 las medidas t\u00e9cnicas y organizativas se\u00f1aladas en este apartado, a las funciones descritas en estas condiciones de contrataci\u00f3n<\/p>\n<p><u>Documento de Seguridad:<\/u>\u00a0SENSACION RURAL S.L., manifiesta que posee un Documento de Seguridad, conforme a lo establecido en el art. 88 del R.D. 1720\/2008.<\/p>\n<p><u>Manual de Funciones y Obligaciones:<\/u>\u00a0SENSACION RURAL S.L., declara que posee y mantiene actualizado un Manual de Funciones y Obligaciones del Personal respecto a sus Sistemas de Informaci\u00f3n y Ficheros con Datos Personales tal y como exige el art. 89 del R.D. 1720\/2007, habiendo sido divulgado este Manual a todo su personal. SENSACION RURAL S.L., se compromete a no permitir el acceso ni tratamiento de ficheros con datos de car\u00e1cter personal, al personal que no haya recibido copia de dicho documento.<\/p>\n<p><u>Registro de Incidencias:<\/u>\u00a0SENSACION RURAL S.L., manifiesta que posee un Registro de Incidencias interno que cumple con los requisitos solicitados por el art. 90 del R.D. 1720\/2007, siendo utilizado este Registro por su personal para el reporte de cualquier incidencia relacionada con la seguridad de la informaci\u00f3n y datos personales incluidos en los ficheros con datos personales que tratan.<\/p>\n<p><u>Control de Acceso:<\/u>\u00a0SENSACION RURAL S.L., se compromete a implantar con car\u00e1cter previo al inicio de sus servicios, cuantas medidas t\u00e9cnicas y organizativas sean necesarias para garantizar los principios de seguridad y confidencialidad de la informaci\u00f3n a la que tenga acceso como consecuencia de sus funciones y en particular, manifiesta que cumple con las siguientes medidas respecto al control de acceso:<\/p>\n<ul>\n<ul>\n<li>Mantiene una relaci\u00f3n actualizada de usuarios y accesos autorizados.<\/li>\n<\/ul>\n<\/ul>\n<ul>\n<ul>\n<li>Permite el acceso \u00fanicamente a los usuarios autorizados seg\u00fan las funciones asignadas a cada uno de ellos.<\/li>\n<\/ul>\n<\/ul>\n<ul>\n<ul>\n<li>Establece mecanismos que evitan el acceso a datos o recursos con derechos distintos de los autorizados.<\/li>\n<\/ul>\n<\/ul>\n<ul>\n<ul>\n<li>Los permisos de acceso los concede \u00fanicamente el personal autorizado para ello.<\/li>\n<\/ul>\n<\/ul>\n<p><u>Gesti\u00f3n de Soportes:<\/u>\u00a0SENSACION RURAL S.L., deber\u00e1 adoptar las siguientes medidas de seguridad respecto a los soportes con datos de car\u00e1cter personal:<\/p>\n<ul>\n<ul>\n<li>Mantener un inventario de soportes.<\/li>\n<\/ul>\n<\/ul>\n<ul>\n<ul>\n<li>Establecer un sistema de etiquetado acorde con el sistema de inventario que permita adem\u00e1s, identificar el tipo de informaci\u00f3n que contienen.<\/li>\n<\/ul>\n<\/ul>\n<ul>\n<ul>\n<li>Almacenar en un lugar de acceso restringido los soportes autorizados<\/li>\n<\/ul>\n<\/ul>\n<ul>\n<ul>\n<li>Establecer un r\u00e9gimen de autorizaci\u00f3n de las salidas de soportes de sus instalaciones, incluidas las salidas a trav\u00e9s de e-mail.<\/li>\n<\/ul>\n<\/ul>\n<ul>\n<li>Adoptar medidas espec\u00edficas destinadas a garantizar la confidencialidad y seguridad de los datos personales durante el transporte y desecho de soportes.<\/li>\n<\/ul>\n<p><u>Copias de Seguridad:<\/u>\u00a0SENSACION RURAL S.L., manifiesta que posee un sistema de copias de seguridad que garantiza la recuperaci\u00f3n de su informaci\u00f3n en el supuesto de ser necesario, prob\u00e1ndose dicho sistema al menos una vez cada 6 meses.<\/p>\n<p><u>Ficheros no Automatizados:<\/u>\u00a0Respecto a los documentos con datos de car\u00e1cter personal a los que SENSACION RURAL S.L., tenga acceso durante el desempe\u00f1o su trabajo, \u00e9ste adoptar\u00e1 las siguientes medidas:<\/p>\n<ul>\n<ul>\n<li>Mantendr\u00e1 la documentaci\u00f3n en archivadores, cajones o armarios que tengan dispositivos que obstaculicen su apertura.<\/li>\n<\/ul>\n<\/ul>\n<ul>\n<ul>\n<li>Durante la revisi\u00f3n o tramitaci\u00f3n de los documentos, la persona a cargo de los mismos debe ser diligente y custodiarla para evitar accesos no autorizados.<\/li>\n<\/ul>\n<\/ul>\n<ul>\n<li>S\u00f3lo tendr\u00e1n acceso a los documentos el personal que se encuentre autorizado.<\/li>\n<\/ul>\n<p>Si se produce un traslado de documentaci\u00f3n deber\u00e1n adoptarse medidas de seguridad que impidan la p\u00e9rdida o acceso por terceros a dicha documentaci\u00f3n (traslado en dispositivos cerrados y discretos, evitar perder de vista los documentos, entre otros.)<\/p>\n<p><u>Personal de SENSACION RURAL S.L.:<\/u>\u00a0SENSACION RURAL S.L., se compromete a comunicar estas obligaciones expuestas a su personal, velando por el cumplimiento de esta normativa, entre los empleados incluidos en el \u00e1mbito objetivo de la presente contrataci\u00f3n.<\/p>\n<h3><b>ENCARGADO DEL TRATAMIENTO:<\/b><\/h3>\n<p>SENSACION RURAL S.L., ser\u00e1 el encargado del tratamiento, seg\u00fan lo estipulado en el art. 12 de la LOPD, y por tanto solamente podr\u00e1 acceder o tratar los datos de car\u00e1cter personal incluidos en ficheros del cliente, cuando sea estrictamente necesario para la prestaci\u00f3n de los servicios contratados y siempre bajo las instrucciones que el cliente le proporcione.<\/p>\n<p>SENSACION RURAL S.L., \u00fanicamente tratar\u00e1 los datos conforme a las instrucciones del cliente, no los aplicar\u00e1 o utilizar\u00e1 con fines distintos, ni los comunicar\u00e1, ni siquiera para su conservaci\u00f3n, a otras personas.<\/p>\n<p>En ese caso SENSACION RURAL S.L., se compromete al acceso y tratamiento de la informaci\u00f3n y los ficheros con datos personales a los que acceda, conforme a las medidas de seguridad establecidas en el Real Decreto 1720\/2007, o normativa que la sustituya.<\/p>\n<h3><b>CONFIDENCIALIDAD:<\/b><\/h3>\n<p>SENSACION RURAL S.L., se obliga, de acuerdo establece el art\u00edculo 10 LOPD, a guardar secreto respecto a los datos personales accedidos, a\u00fan despu\u00e9s de finalizada la relaci\u00f3n comercial entre ambas partes, debiendo extender esta obligaci\u00f3n a todo el personal de su organizaci\u00f3n que acceda a dichos ficheros. Este deber de secreto queda igualmente extendido al resto de informaci\u00f3n que no sean datos de car\u00e1cter personal y a la cual tenga acceso o conocimiento durante la prestaci\u00f3n de sus servicios.<\/p>\n<h3><b>REDES SOCIALES:<\/b><\/h3>\n<p>SENSACION RURAL S.L., informa a los usuarios, que tiene creados diferentes perfiles en las siguientes Redes Sociales: Facebook, twitter, Pinterest, Linkedin y Google + con la finalidad principal comercial y\/o publicitaria.<\/p>\n<p>Si se accede a\u00a0<a href=\"https:\/\/www.sensacionrural.es\/\">www.sensacionrural.es<\/a>\u00a0o utilizando alguna aplicaci\u00f3n que enlace cualquier red social con dicho sitio web, el usuario estar\u00e1 dando su consentimiento para que la red social comparta datos personales con SENSACION RURAL S.L.<\/p>\n<p>Para mayor informaci\u00f3n sobre la pol\u00edtica de privacidad de la red social el usuario debe dirigirse a la pol\u00edtica de privacidad propia de cada red social.<\/p>\n<p>En relaci\u00f3n a los derechos de acceso, rectificaci\u00f3n, cancelaci\u00f3n y oposici\u00f3n, de los que usted dispone y que pueden ser ejercitados ante SENSACI\u00d3N RURAL S.L., de acuerdo con la LOPD, debe tener en cuenta los siguientes matices:<\/p>\n<ul>\n<li>Acceso: Vendr\u00e1 definido por la funcionalidad de la Red Social y la capacidad de acceso a la informaci\u00f3n de los perfiles de los usuarios.<\/li>\n<li>Rectificaci\u00f3n: S\u00f3lo podr\u00e1 satisfacerse en relaci\u00f3n a aquella informaci\u00f3n que se encuentre bajo el control de SENSACI\u00d3N RURAL S.L., por ejemplo, eliminar comentarios publicados en la propia p\u00e1gina. Normalmente, este derecho deber\u00e1 ejercerlo ante la Red Social.<\/li>\n<li>Cancelaci\u00f3n y\/u Oposici\u00f3n: Como en el caso anterior, s\u00f3lo podr\u00e1 satisfacerse en relaci\u00f3n a aquella informaci\u00f3n que se encuentre bajo el control de SENSACI\u00d3N RURAL S.L., por ejemplo, dejar de estar unido al perfil.<\/li>\n<\/ul>\n<p>El usuario, podr\u00e1 publicar en las redes sociales comentarios, enlaces, im\u00e1genes o fotograf\u00edas o cualquier otro tipo de contenido multimedia soportado por la Red Social. El usuario, debe ser el titular del contenido o contar con el consentimiento de terceros afectados.<\/p>\n<p>Quedar\u00e1 prohibido cualquier tipo de publicaci\u00f3n que atente contra la moral, \u00e9tica, el decoro y\/o infrinjan la ley. En este caso SENSACI\u00d3N RURAL S.L., se reserva el derecho a retirar de inmediato el contenido e incluso a bloquear al usuario.<\/p>\n<p>SENSACI\u00d3N RURAL S.L., se reserva el derecho a realizar concursos y promociones, en los que podr\u00e1 participar el usuario unido a su p\u00e1gina. Las bases de cada uno de ellos, cuando se utilice para ello la plataforma de la Red Social, ser\u00e1n publicadas en la misma.<\/p>\n<\/div>\n","protected":false},"excerpt":{"rendered":"<p>RESPONSABLE DEL FICHERO: De conformidad con lo dispuesto en la Ley Org\u00e1nica 15\/99, de 13&hellip;<\/p>\n","protected":false},"author":1,"featured_media":0,"parent":0,"menu_order":0,"comment_status":"closed","ping_status":"closed","template":"","meta":{"content-type":"","om_disable_all_campaigns":false,"footnotes":""},"aioseo_notices":[],"_links":{"self":[{"href":"https:\/\/www.sensacionrural.es\/blog\/wp-json\/wp\/v2\/pages\/9891"}],"collection":[{"href":"https:\/\/www.sensacionrural.es\/blog\/wp-json\/wp\/v2\/pages"}],"about":[{"href":"https:\/\/www.sensacionrural.es\/blog\/wp-json\/wp\/v2\/types\/page"}],"author":[{"embeddable":true,"href":"https:\/\/www.sensacionrural.es\/blog\/wp-json\/wp\/v2\/users\/1"}],"replies":[{"embeddable":true,"href":"https:\/\/www.sensacionrural.es\/blog\/wp-json\/wp\/v2\/comments?post=9891"}],"version-history":[{"count":0,"href":"https:\/\/www.sensacionrural.es\/blog\/wp-json\/wp\/v2\/pages\/9891\/revisions"}],"wp:attachment":[{"href":"https:\/\/www.sensacionrural.es\/blog\/wp-json\/wp\/v2\/media?parent=9891"}],"curies":[{"name":"wp","href":"https:\/\/api.w.org\/{rel}","templated":true}]}}